{"id":65,"date":"2026-03-30T13:56:36","date_gmt":"2026-03-30T11:56:36","guid":{"rendered":"https:\/\/www.rendezvouspeche.com\/?page_id=65"},"modified":"2026-03-30T13:56:37","modified_gmt":"2026-03-30T11:56:37","slug":"annuaire","status":"publish","type":"page","link":"http:\/\/www.rendezvouspeche.com\/","title":{"rendered":"Annuaire"},"content":{"rendered":"<form role=\"search\" method=\"get\" action=\"http:\/\/www.rendezvouspeche.com\/\" class=\"wp-block-search__button-outside wp-block-search__text-button wp-block-search\"    ><label class=\"wp-block-search__label screen-reader-text\" for=\"wp-block-search__input-1\" >Rechercher<\/label><div class=\"wp-block-search__inside-wrapper\" ><input class=\"wp-block-search__input\" id=\"wp-block-search__input-1\" placeholder=\"Rechercher un concours, un salon, une brocante, etc\" value=\"\" type=\"search\" name=\"s\" required \/><button aria-label=\"Rechercher\" class=\"wp-block-search__button wp-element-button\" type=\"submit\" >Rechercher<\/button><\/div><\/form>\n\n\n<h3 class=\"wp-block-heading has-text-align-center\" style=\"margin-top:var(--wp--preset--spacing--40);margin-bottom:var(--wp--preset--spacing--40)\"><strong>En vedette<\/strong><\/h3>\n\n\n\n<h3 class=\"wp-block-heading has-text-align-center\" style=\"margin-top:var(--wp--preset--spacing--40);margin-bottom:var(--wp--preset--spacing--40)\"><strong>R\u00e9cemment ajout\u00e9s<\/strong><\/h3>\n\n\n<ul class=\"wp-block-latest-posts__list is-grid columns-3 wp-block-latest-posts\"><li><a class=\"wp-block-latest-posts__post-title\" href=\"http:\/\/www.rendezvouspeche.com\/index.php\/2025\/03\/01\/bonjour-tout-le-monde\/\">Bonjour tout le monde\u00a0!<\/a><\/li>\n<\/ul>\n\n\n<h3 class=\"wp-block-heading has-text-align-center\" style=\"margin-top:var(--wp--preset--spacing--40);margin-bottom:var(--wp--preset--spacing--40)\"><strong>Comment trouver un \u00e9v\u00e9nement<\/strong><\/h3>\n\n\n\n<div class=\"wp-block-columns is-layout-flex wp-container-core-columns-is-layout-28f84493 wp-block-columns-is-layout-flex\">\n<div class=\"wp-block-column is-layout-flow wp-block-column-is-layout-flow\">\n<figure class=\"wp-block-image aligncenter is-resized\"><img decoding=\"async\" src=\"https:\/\/s.w.org\/images\/core\/emoji\/17.0.2\/svg\/1f5fa.svg\" alt=\"\ud83d\uddfa\ufe0f\" style=\"width:51px;height:auto\"\/><\/figure>\n\n\n\n<h4 class=\"wp-block-heading has-text-align-center\">Par r\u00e9gion<\/h4>\n\n\n\n<p>Explorez les \u00e9v\u00e9nements de votre r\u00e9gion ou d\u2019ailleurs en France<\/p>\n<\/div>\n\n\n\n<div class=\"wp-block-column is-layout-flow wp-block-column-is-layout-flow\">\n<figure class=\"wp-block-image aligncenter is-resized\"><img decoding=\"async\" src=\"https:\/\/s.w.org\/images\/core\/emoji\/17.0.2\/svg\/1f3af.svg\" alt=\"\ud83c\udfaf\" style=\"width:52px;height:auto\"\/><\/figure>\n\n\n\n<h4 class=\"wp-block-heading has-text-align-center\">Par cat\u00e9gorie<\/h4>\n\n\n\n<p>Trouvez les types d\u2019\u00e9v\u00e9nements qui vous int\u00e9ressent<\/p>\n<\/div>\n\n\n\n<div class=\"wp-block-column is-layout-flow wp-block-column-is-layout-flow\">\n<figure class=\"wp-block-image aligncenter is-resized\"><img decoding=\"async\" src=\"https:\/\/s.w.org\/images\/core\/emoji\/17.0.2\/svg\/1f50d.svg\" alt=\"\ud83d\udd0d\" style=\"width:52px;height:auto\"\/><\/figure>\n\n\n\n<h4 class=\"wp-block-heading has-text-align-center\">Par recherche<\/h4>\n\n\n\n<p>Utilisez la barre de recherche pour trouver rapidement<\/p>\n<\/div>\n<\/div>\n\n\n\n<h3 class=\"wp-block-heading has-text-align-center\" style=\"margin-top:var(--wp--preset--spacing--40);margin-bottom:var(--wp--preset--spacing--40)\"><strong>Trouver dans votre r\u00e9gion<\/strong><\/h3>\n\n\n\n<div class=\"wp-block-columns is-layout-flex wp-container-core-columns-is-layout-28f84493 wp-block-columns-is-layout-flex\">\n<div class=\"wp-block-column has-small-font-size has-global-padding is-layout-constrained wp-block-column-is-layout-constrained\">\n<ul class=\"wp-block-list\">\n<li class=\"has-medium-font-size\">Auvergne-Rh\u00f4ne-Alpes <\/li>\n\n\n\n<li class=\"has-medium-font-size\">Bourgogne-Franche-Comt\u00e9 <\/li>\n\n\n\n<li class=\"has-medium-font-size\">Bretagne <\/li>\n\n\n\n<li class=\"has-medium-font-size\">Centre-Val de Loire<\/li>\n\n\n\n<li class=\"has-medium-font-size\">Corse <\/li>\n\n\n\n<li class=\"has-medium-font-size\">Grand Est<\/li>\n\n\n\n<li class=\"has-medium-font-size\">Hauts-de-France<\/li>\n\n\n\n<li class=\"has-medium-font-size\">\u00cele-de-France<\/li>\n\n\n\n<li class=\"has-medium-font-size\">Nouvelle-Aquitaine<\/li>\n\n\n\n<li class=\"has-medium-font-size\">Normandie<\/li>\n<\/ul>\n<\/div>\n\n\n\n<div class=\"wp-block-column is-layout-flow wp-block-column-is-layout-flow\">\n<ul class=\"wp-block-list\">\n<li>Occitanie<\/li>\n\n\n\n<li>Pays de la Loire<\/li>\n\n\n\n<li>Provence-Alpes-C\u00f4te d&rsquo;Azur<\/li>\n\n\n\n<li>Guadeloupe<\/li>\n\n\n\n<li>Martinique<\/li>\n\n\n\n<li>La R\u00e9union<\/li>\n\n\n\n<li>Mayotte<\/li>\n\n\n\n<li>Guyane fran\u00e7aise<\/li>\n<\/ul>\n<\/div>\n<\/div>\n\n\n\n<h3 class=\"wp-block-heading has-text-align-center\" style=\"margin-top:var(--wp--preset--spacing--40);margin-bottom:var(--wp--preset--spacing--40)\"><strong>Cat\u00e9gories<\/strong><\/h3>\n\n\n\n<div class=\"wp-block-columns is-layout-flex wp-container-core-columns-is-layout-28f84493 wp-block-columns-is-layout-flex\">\n<div class=\"wp-block-column is-layout-flow wp-block-column-is-layout-flow\">\n<h5 class=\"wp-block-heading\">Comp\u00e9titions<\/h5>\n\n\n\n<p>Concours, championnats et d\u00e9fis entre p\u00eacheurs. Testez vos comp\u00e9tences et remportez des prix.<\/p>\n<\/div>\n\n\n\n<div class=\"wp-block-column is-layout-flow wp-block-column-is-layout-flow\">\n<h5 class=\"wp-block-heading\">Initiations<\/h5>\n\n\n\n<p>D\u00e9couvrez la p\u00eache en famille ou en groupe. Parfait pour d\u00e9buter ou tester une nouvelle technique.<\/p>\n<\/div>\n\n\n\n<div class=\"wp-block-column is-layout-flow wp-block-column-is-layout-flow\">\n<h5 class=\"wp-block-heading\">P\u00eache \u00e0 la mouche<\/h5>\n\n\n\n<p>Sorties, formations et rencontres d\u00e9di\u00e9es \u00e0 la mouche. Pour passionn\u00e9s et apprentis.<\/p>\n<\/div>\n<\/div>\n\n\n\n<div class=\"wp-block-columns is-layout-flex wp-container-core-columns-is-layout-28f84493 wp-block-columns-is-layout-flex\">\n<div class=\"wp-block-column is-layout-flow wp-block-column-is-layout-flow\">\n<h5 class=\"wp-block-heading\">P\u00eache en mer<\/h5>\n\n\n\n<p>Sorties c\u00f4ti\u00e8res et en bateau, float tube, jigging. Tous les \u00e9v\u00e9nements p\u00eache maritime.<\/p>\n<\/div>\n\n\n\n<div class=\"wp-block-column is-layout-flow wp-block-column-is-layout-flow\">\n<h5 class=\"wp-block-heading\">Salons &amp; \u00c9v\u00e9nements<\/h5>\n\n\n\n<p>Salons marchands, expos, vide-grenier p\u00eache. Retrouvez mat\u00e9riel, conseils et convivialit\u00e9.<\/p>\n<\/div>\n\n\n\n<div class=\"wp-block-column is-layout-flow wp-block-column-is-layout-flow\">\n<h5 class=\"wp-block-heading\">Ateliers &amp; Formation<\/h5>\n\n\n\n<p>Techniques, montage, pr\u00e9paration. Ateliers pratiques pour progresser ou apprendre.<\/p>\n<\/div>\n<\/div>\n\n\n\n<p><\/p>\n","protected":false},"excerpt":{"rendered":"<p>En vedette R\u00e9cemment ajout\u00e9s Comment trouver un \u00e9v\u00e9nement Par r\u00e9gion Explorez les \u00e9v\u00e9nements de votre r\u00e9gion ou d\u2019ailleurs en France Par cat\u00e9gorie Trouvez les types d\u2019\u00e9v\u00e9nements qui vous int\u00e9ressent Par recherche Utilisez la barre de recherche pour trouver rapidement Trouver dans votre r\u00e9gion Cat\u00e9gories Comp\u00e9titions Concours, championnats et d\u00e9fis entre p\u00eacheurs. Testez vos comp\u00e9tences et [&hellip;]<\/p>\n","protected":false},"author":1,"featured_media":0,"parent":0,"menu_order":0,"comment_status":"closed","ping_status":"closed","template":"","meta":{"_uag_custom_page_level_css":"","footnotes":""},"categories":[],"tags":[],"class_list":["post-65","page","type-page","status-publish","hentry"],"yoast_head":"<!-- This site is optimized with the Yoast SEO plugin v23.7 - https:\/\/yoast.com\/wordpress\/plugins\/seo\/ -->\n<title>Annuaire - RendezVousPeche.com<\/title>\n<meta name=\"robots\" content=\"index, follow, max-snippet:-1, max-image-preview:large, max-video-preview:-1\" \/>\n<link rel=\"canonical\" href=\"http:\/\/www.rendezvouspeche.com\/\" \/>\n<meta property=\"og:locale\" content=\"fr_FR\" \/>\n<meta property=\"og:type\" content=\"article\" \/>\n<meta property=\"og:title\" content=\"Annuaire - RendezVousPeche.com\" \/>\n<meta property=\"og:description\" content=\"En vedette R\u00e9cemment ajout\u00e9s Comment trouver un \u00e9v\u00e9nement Par r\u00e9gion Explorez les \u00e9v\u00e9nements de votre r\u00e9gion ou d\u2019ailleurs en France Par cat\u00e9gorie Trouvez les types d\u2019\u00e9v\u00e9nements qui vous int\u00e9ressent Par recherche Utilisez la barre de recherche pour trouver rapidement Trouver dans votre r\u00e9gion Cat\u00e9gories Comp\u00e9titions Concours, championnats et d\u00e9fis entre p\u00eacheurs. Testez vos comp\u00e9tences et [&hellip;]\" \/>\n<meta property=\"og:url\" content=\"http:\/\/www.rendezvouspeche.com\/\" \/>\n<meta property=\"og:site_name\" content=\"RendezVousPeche.com\" \/>\n<meta property=\"article:modified_time\" content=\"2026-03-30T11:56:37+00:00\" \/>\n<meta property=\"og:image\" content=\"https:\/\/s.w.org\/images\/core\/emoji\/17.0.2\/svg\/1f5fa.svg\" \/>\n<meta name=\"twitter:card\" content=\"summary_large_image\" \/>\n<meta name=\"twitter:label1\" content=\"Dur\u00e9e de lecture estim\u00e9e\" \/>\n\t<meta name=\"twitter:data1\" content=\"2 minutes\" \/>\n<script type=\"application\/ld+json\" class=\"yoast-schema-graph\">{\"@context\":\"https:\/\/schema.org\",\"@graph\":[{\"@type\":\"WebPage\",\"@id\":\"http:\/\/www.rendezvouspeche.com\/\",\"url\":\"http:\/\/www.rendezvouspeche.com\/\",\"name\":\"Annuaire - RendezVousPeche.com\",\"isPartOf\":{\"@id\":\"http:\/\/www.rendezvouspeche.com\/#website\"},\"primaryImageOfPage\":{\"@id\":\"http:\/\/www.rendezvouspeche.com\/#primaryimage\"},\"image\":{\"@id\":\"http:\/\/www.rendezvouspeche.com\/#primaryimage\"},\"thumbnailUrl\":\"https:\/\/s.w.org\/images\/core\/emoji\/17.0.2\/svg\/1f5fa.svg\",\"datePublished\":\"2026-03-30T11:56:36+00:00\",\"dateModified\":\"2026-03-30T11:56:37+00:00\",\"breadcrumb\":{\"@id\":\"http:\/\/www.rendezvouspeche.com\/#breadcrumb\"},\"inLanguage\":\"fr-FR\",\"potentialAction\":[{\"@type\":\"ReadAction\",\"target\":[\"http:\/\/www.rendezvouspeche.com\/\"]}]},{\"@type\":\"ImageObject\",\"inLanguage\":\"fr-FR\",\"@id\":\"http:\/\/www.rendezvouspeche.com\/#primaryimage\",\"url\":\"https:\/\/s.w.org\/images\/core\/emoji\/17.0.2\/svg\/1f5fa.svg\",\"contentUrl\":\"https:\/\/s.w.org\/images\/core\/emoji\/17.0.2\/svg\/1f5fa.svg\"},{\"@type\":\"BreadcrumbList\",\"@id\":\"http:\/\/www.rendezvouspeche.com\/#breadcrumb\",\"itemListElement\":[{\"@type\":\"ListItem\",\"position\":1,\"name\":\"Accueil\",\"item\":\"http:\/\/www.rendezvouspeche.com\/\"},{\"@type\":\"ListItem\",\"position\":2,\"name\":\"Annuaire\"}]},{\"@type\":\"WebSite\",\"@id\":\"http:\/\/www.rendezvouspeche.com\/#website\",\"url\":\"http:\/\/www.rendezvouspeche.com\/\",\"name\":\"RendezVousPeche.com\",\"description\":\"Tous les \u00e9v\u00e9nements de la p\u00eache en un clic !\",\"publisher\":{\"@id\":\"http:\/\/www.rendezvouspeche.com\/#organization\"},\"potentialAction\":[{\"@type\":\"SearchAction\",\"target\":{\"@type\":\"EntryPoint\",\"urlTemplate\":\"http:\/\/www.rendezvouspeche.com\/?s={search_term_string}\"},\"query-input\":{\"@type\":\"PropertyValueSpecification\",\"valueRequired\":true,\"valueName\":\"search_term_string\"}}],\"inLanguage\":\"fr-FR\"},{\"@type\":\"Organization\",\"@id\":\"http:\/\/www.rendezvouspeche.com\/#organization\",\"name\":\"RendezVousPeche.com\",\"url\":\"http:\/\/www.rendezvouspeche.com\/\",\"logo\":{\"@type\":\"ImageObject\",\"inLanguage\":\"fr-FR\",\"@id\":\"http:\/\/www.rendezvouspeche.com\/#\/schema\/logo\/image\/\",\"url\":\"http:\/\/www.rendezvouspeche.com\/wp-content\/uploads\/2026\/03\/cropped-rendezvous.png\",\"contentUrl\":\"http:\/\/www.rendezvouspeche.com\/wp-content\/uploads\/2026\/03\/cropped-rendezvous.png\",\"width\":512,\"height\":512,\"caption\":\"RendezVousPeche.com\"},\"image\":{\"@id\":\"http:\/\/www.rendezvouspeche.com\/#\/schema\/logo\/image\/\"}}]}<\/script>\n<!-- \/ Yoast SEO plugin. -->","yoast_head_json":{"title":"Annuaire - RendezVousPeche.com","robots":{"index":"index","follow":"follow","max-snippet":"max-snippet:-1","max-image-preview":"max-image-preview:large","max-video-preview":"max-video-preview:-1"},"canonical":"http:\/\/www.rendezvouspeche.com\/","og_locale":"fr_FR","og_type":"article","og_title":"Annuaire - RendezVousPeche.com","og_description":"En vedette R\u00e9cemment ajout\u00e9s Comment trouver un \u00e9v\u00e9nement Par r\u00e9gion Explorez les \u00e9v\u00e9nements de votre r\u00e9gion ou d\u2019ailleurs en France Par cat\u00e9gorie Trouvez les types d\u2019\u00e9v\u00e9nements qui vous int\u00e9ressent Par recherche Utilisez la barre de recherche pour trouver rapidement Trouver dans votre r\u00e9gion Cat\u00e9gories Comp\u00e9titions Concours, championnats et d\u00e9fis entre p\u00eacheurs. Testez vos comp\u00e9tences et [&hellip;]","og_url":"http:\/\/www.rendezvouspeche.com\/","og_site_name":"RendezVousPeche.com","article_modified_time":"2026-03-30T11:56:37+00:00","og_image":[{"url":"https:\/\/s.w.org\/images\/core\/emoji\/17.0.2\/svg\/1f5fa.svg"}],"twitter_card":"summary_large_image","twitter_misc":{"Dur\u00e9e de lecture estim\u00e9e":"2 minutes"},"schema":{"@context":"https:\/\/schema.org","@graph":[{"@type":"WebPage","@id":"http:\/\/www.rendezvouspeche.com\/","url":"http:\/\/www.rendezvouspeche.com\/","name":"Annuaire - RendezVousPeche.com","isPartOf":{"@id":"http:\/\/www.rendezvouspeche.com\/#website"},"primaryImageOfPage":{"@id":"http:\/\/www.rendezvouspeche.com\/#primaryimage"},"image":{"@id":"http:\/\/www.rendezvouspeche.com\/#primaryimage"},"thumbnailUrl":"https:\/\/s.w.org\/images\/core\/emoji\/17.0.2\/svg\/1f5fa.svg","datePublished":"2026-03-30T11:56:36+00:00","dateModified":"2026-03-30T11:56:37+00:00","breadcrumb":{"@id":"http:\/\/www.rendezvouspeche.com\/#breadcrumb"},"inLanguage":"fr-FR","potentialAction":[{"@type":"ReadAction","target":["http:\/\/www.rendezvouspeche.com\/"]}]},{"@type":"ImageObject","inLanguage":"fr-FR","@id":"http:\/\/www.rendezvouspeche.com\/#primaryimage","url":"https:\/\/s.w.org\/images\/core\/emoji\/17.0.2\/svg\/1f5fa.svg","contentUrl":"https:\/\/s.w.org\/images\/core\/emoji\/17.0.2\/svg\/1f5fa.svg"},{"@type":"BreadcrumbList","@id":"http:\/\/www.rendezvouspeche.com\/#breadcrumb","itemListElement":[{"@type":"ListItem","position":1,"name":"Accueil","item":"http:\/\/www.rendezvouspeche.com\/"},{"@type":"ListItem","position":2,"name":"Annuaire"}]},{"@type":"WebSite","@id":"http:\/\/www.rendezvouspeche.com\/#website","url":"http:\/\/www.rendezvouspeche.com\/","name":"RendezVousPeche.com","description":"Tous les \u00e9v\u00e9nements de la p\u00eache en un clic !","publisher":{"@id":"http:\/\/www.rendezvouspeche.com\/#organization"},"potentialAction":[{"@type":"SearchAction","target":{"@type":"EntryPoint","urlTemplate":"http:\/\/www.rendezvouspeche.com\/?s={search_term_string}"},"query-input":{"@type":"PropertyValueSpecification","valueRequired":true,"valueName":"search_term_string"}}],"inLanguage":"fr-FR"},{"@type":"Organization","@id":"http:\/\/www.rendezvouspeche.com\/#organization","name":"RendezVousPeche.com","url":"http:\/\/www.rendezvouspeche.com\/","logo":{"@type":"ImageObject","inLanguage":"fr-FR","@id":"http:\/\/www.rendezvouspeche.com\/#\/schema\/logo\/image\/","url":"http:\/\/www.rendezvouspeche.com\/wp-content\/uploads\/2026\/03\/cropped-rendezvous.png","contentUrl":"http:\/\/www.rendezvouspeche.com\/wp-content\/uploads\/2026\/03\/cropped-rendezvous.png","width":512,"height":512,"caption":"RendezVousPeche.com"},"image":{"@id":"http:\/\/www.rendezvouspeche.com\/#\/schema\/logo\/image\/"}}]}},"uagb_featured_image_src":{"full":false,"thumbnail":false,"medium":false,"medium_large":false,"large":false,"1536x1536":false,"2048x2048":false},"uagb_author_info":{"display_name":"admin2335","author_link":"http:\/\/www.rendezvouspeche.com\/index.php\/author\/admin2335\/"},"uagb_comment_info":0,"uagb_excerpt":"En vedette R\u00e9cemment ajout\u00e9s Comment trouver un \u00e9v\u00e9nement Par r\u00e9gion Explorez les \u00e9v\u00e9nements de votre r\u00e9gion ou d\u2019ailleurs en France Par cat\u00e9gorie Trouvez les types d\u2019\u00e9v\u00e9nements qui vous int\u00e9ressent Par recherche Utilisez la barre de recherche pour trouver rapidement Trouver dans votre r\u00e9gion Cat\u00e9gories Comp\u00e9titions Concours, championnats et d\u00e9fis entre p\u00eacheurs. Testez vos comp\u00e9tences et\u2026","publishpress_future_action":{"enabled":false,"date":"2026-04-21 09:38:59","action":"change-status","newStatus":"draft","terms":[],"taxonomy":"category"},"publishpress_future_workflow_manual_trigger":{"enabledWorkflows":[]},"_links":{"self":[{"href":"http:\/\/www.rendezvouspeche.com\/index.php\/wp-json\/wp\/v2\/pages\/65","targetHints":{"allow":["GET"]}}],"collection":[{"href":"http:\/\/www.rendezvouspeche.com\/index.php\/wp-json\/wp\/v2\/pages"}],"about":[{"href":"http:\/\/www.rendezvouspeche.com\/index.php\/wp-json\/wp\/v2\/types\/page"}],"author":[{"embeddable":true,"href":"http:\/\/www.rendezvouspeche.com\/index.php\/wp-json\/wp\/v2\/users\/1"}],"replies":[{"embeddable":true,"href":"http:\/\/www.rendezvouspeche.com\/index.php\/wp-json\/wp\/v2\/comments?post=65"}],"version-history":[{"count":9,"href":"http:\/\/www.rendezvouspeche.com\/index.php\/wp-json\/wp\/v2\/pages\/65\/revisions"}],"predecessor-version":[{"id":77,"href":"http:\/\/www.rendezvouspeche.com\/index.php\/wp-json\/wp\/v2\/pages\/65\/revisions\/77"}],"wp:attachment":[{"href":"http:\/\/www.rendezvouspeche.com\/index.php\/wp-json\/wp\/v2\/media?parent=65"}],"wp:term":[{"taxonomy":"category","embeddable":true,"href":"http:\/\/www.rendezvouspeche.com\/index.php\/wp-json\/wp\/v2\/categories?post=65"},{"taxonomy":"post_tag","embeddable":true,"href":"http:\/\/www.rendezvouspeche.com\/index.php\/wp-json\/wp\/v2\/tags?post=65"}],"curies":[{"name":"wp","href":"https:\/\/api.w.org\/{rel}","templated":true}]}}